{"id":10,"date":"2018-03-20T12:09:27","date_gmt":"2018-03-20T10:09:27","guid":{"rendered":"http:\/\/www.ratsastusterapeutti.fi\/?page_id=10"},"modified":"2018-03-26T11:25:03","modified_gmt":"2018-03-26T08:25:03","slug":"terapeuttinen-vikellys","status":"publish","type":"page","link":"https:\/\/www.ratsastusterapeutti.fi\/?page_id=10","title":{"rendered":"Terapeuttinen vikellys"},"content":{"rendered":"<p><img loading=\"lazy\" decoding=\"async\" class=\"alignright wp-image-32\" src=\"http:\/\/www.ratsastusterapeutti.fi\/wp-content\/uploads\/2018\/03\/IMG_1450-1024x681.jpg\" alt=\"\" width=\"400\" height=\"266\" srcset=\"https:\/\/www.ratsastusterapeutti.fi\/wp-content\/uploads\/2018\/03\/IMG_1450-1024x681.jpg 1024w, https:\/\/www.ratsastusterapeutti.fi\/wp-content\/uploads\/2018\/03\/IMG_1450-300x199.jpg 300w, https:\/\/www.ratsastusterapeutti.fi\/wp-content\/uploads\/2018\/03\/IMG_1450-768x511.jpg 768w, https:\/\/www.ratsastusterapeutti.fi\/wp-content\/uploads\/2018\/03\/IMG_1450-676x449.jpg 676w, https:\/\/www.ratsastusterapeutti.fi\/wp-content\/uploads\/2018\/03\/IMG_1450.jpg 1444w\" sizes=\"auto, (max-width: 400px) 100vw, 400px\" \/>Terapeuttinen vikellys on kuntouttavaa, tavoitteellista pienryhm\u00e4ty\u00f6skentely\u00e4 hevosen kanssa. Ryhm\u00e4 koostuu tyypillisesti 2-4:st\u00e4 lapsesta. Terapeuttisessa vikellyksess\u00e4 opetellaan lapsen sensomotorisia taitoja, kehonk\u00e4ytt\u00f6\u00e4 ja tasapainoa kehitt\u00e4vi\u00e4\u00a0perusvikellysliikkeit\u00e4 harjoituspukin ja hevosen kanssa. Lis\u00e4ksi harjoitellaan ryhm\u00e4ss\u00e4 toimimista sek\u00e4 vuorovaikutustaitoja erilaisten ryhm\u00e4pelien tai leikkien avulla. Jokaisella ryhm\u00e4l\u00e4isell\u00e4 on omat tavoitteensa ja ryhm\u00e4 mahdollistaa kehittymisen omaan yksil\u00f6lliseen tahtiin. Tyypillinen kerta koostuu hevosen hoidosta ja varustamisesta, harjoituksista kent\u00e4ll\u00e4 hevosen ymp\u00e4rill\u00e4, pukin p\u00e4\u00e4ll\u00e4 ja hevosen sel\u00e4ss\u00e4. L\u00e4ht\u00f6kohtana on ryhm\u00e4l\u00e4isten yhteisty\u00f6 uuden oppimisessa ja yhteinen motivaatio, ryhm\u00e4n tuoma tuki ja rohkaisu.<\/p>\n<p><img loading=\"lazy\" decoding=\"async\" class=\"alignleft wp-image-70\" src=\"http:\/\/www.ratsastusterapeutti.fi\/wp-content\/uploads\/2018\/03\/takaa-1024x681.jpg\" alt=\"\" width=\"400\" height=\"266\" srcset=\"https:\/\/www.ratsastusterapeutti.fi\/wp-content\/uploads\/2018\/03\/takaa-1024x681.jpg 1024w, https:\/\/www.ratsastusterapeutti.fi\/wp-content\/uploads\/2018\/03\/takaa-300x199.jpg 300w, https:\/\/www.ratsastusterapeutti.fi\/wp-content\/uploads\/2018\/03\/takaa-768x511.jpg 768w, https:\/\/www.ratsastusterapeutti.fi\/wp-content\/uploads\/2018\/03\/takaa-676x449.jpg 676w, https:\/\/www.ratsastusterapeutti.fi\/wp-content\/uploads\/2018\/03\/takaa.jpg 1444w\" sizes=\"auto, (max-width: 400px) 100vw, 400px\" \/>Suomessa terapeuttisen vikellyksen ryhmi\u00e4 on viel\u00e4 verrattain v\u00e4h\u00e4n. Keskieuroopasta l\u00e4ht\u00f6isin oleva kuntoutusmuodolla on kuitenkin monipuolisia mahdollisuuksia meill\u00e4kin. Yhteisty\u00f6ss\u00e4 mm paikalliskoulujen kanssa voidaan mahdollistaa useampien lasten p\u00e4\u00e4sy osaksi hevosten ja tallien terapeuttista vaikutusta. Toiminta hevosten kanssa antaa lapsille mahdollisuuden aitoon tekemiseen, onnistumisen kokemuksiin ja oppimiseen.<\/p>\n","protected":false},"excerpt":{"rendered":"<p>Terapeuttinen vikellys on kuntouttavaa, tavoitteellista pienryhm\u00e4ty\u00f6skentely\u00e4 hevosen kanssa. Ryhm\u00e4 koostuu tyypillisesti 2-4:st\u00e4 lapsesta. Terapeuttisessa vikellyksess\u00e4 opetellaan lapsen sensomotorisia taitoja, kehonk\u00e4ytt\u00f6\u00e4 ja tasapainoa kehitt\u00e4vi\u00e4\u00a0perusvikellysliikkeit\u00e4 harjoituspukin ja hevosen kanssa. Lis\u00e4ksi harjoitellaan ryhm\u00e4ss\u00e4 toimimista sek\u00e4 vuorovaikutustaitoja erilaisten ryhm\u00e4pelien tai leikkien avulla. Jokaisella ryhm\u00e4l\u00e4isell\u00e4 on omat tavoitteensa ja ryhm\u00e4 mahdollistaa kehittymisen omaan yksil\u00f6lliseen tahtiin. Tyypillinen kerta koostuu hevosen hoidosta [&hellip;]<\/p>\n","protected":false},"author":1,"featured_media":0,"parent":0,"menu_order":0,"comment_status":"closed","ping_status":"closed","template":"template-fullwidth.php","meta":{"footnotes":""},"class_list":["post-10","page","type-page","status-publish","hentry","post-preview"],"_links":{"self":[{"href":"https:\/\/www.ratsastusterapeutti.fi\/index.php?rest_route=\/wp\/v2\/pages\/10","targetHints":{"allow":["GET"]}}],"collection":[{"href":"https:\/\/www.ratsastusterapeutti.fi\/index.php?rest_route=\/wp\/v2\/pages"}],"about":[{"href":"https:\/\/www.ratsastusterapeutti.fi\/index.php?rest_route=\/wp\/v2\/types\/page"}],"author":[{"embeddable":true,"href":"https:\/\/www.ratsastusterapeutti.fi\/index.php?rest_route=\/wp\/v2\/users\/1"}],"replies":[{"embeddable":true,"href":"https:\/\/www.ratsastusterapeutti.fi\/index.php?rest_route=%2Fwp%2Fv2%2Fcomments&post=10"}],"version-history":[{"count":5,"href":"https:\/\/www.ratsastusterapeutti.fi\/index.php?rest_route=\/wp\/v2\/pages\/10\/revisions"}],"predecessor-version":[{"id":73,"href":"https:\/\/www.ratsastusterapeutti.fi\/index.php?rest_route=\/wp\/v2\/pages\/10\/revisions\/73"}],"wp:attachment":[{"href":"https:\/\/www.ratsastusterapeutti.fi\/index.php?rest_route=%2Fwp%2Fv2%2Fmedia&parent=10"}],"curies":[{"name":"wp","href":"https:\/\/api.w.org\/{rel}","templated":true}]}}