{"id":4,"date":"2018-03-20T12:08:05","date_gmt":"2018-03-20T10:08:05","guid":{"rendered":"http:\/\/www.ratsastusterapeutti.fi\/?page_id=4"},"modified":"2018-03-26T11:24:12","modified_gmt":"2018-03-26T08:24:12","slug":"etusivu","status":"publish","type":"page","link":"https:\/\/www.ratsastusterapeutti.fi\/","title":{"rendered":"Etusivu"},"content":{"rendered":"<p><img loading=\"lazy\" decoding=\"async\" class=\"alignright wp-image-49\" src=\"http:\/\/www.ratsastusterapeutti.fi\/wp-content\/uploads\/2018\/03\/vastakkain-1024x635.jpg\" alt=\"\" width=\"450\" height=\"279\" srcset=\"https:\/\/www.ratsastusterapeutti.fi\/wp-content\/uploads\/2018\/03\/vastakkain-1024x635.jpg 1024w, https:\/\/www.ratsastusterapeutti.fi\/wp-content\/uploads\/2018\/03\/vastakkain-300x186.jpg 300w, https:\/\/www.ratsastusterapeutti.fi\/wp-content\/uploads\/2018\/03\/vastakkain-768x477.jpg 768w, https:\/\/www.ratsastusterapeutti.fi\/wp-content\/uploads\/2018\/03\/vastakkain-676x419.jpg 676w, https:\/\/www.ratsastusterapeutti.fi\/wp-content\/uploads\/2018\/03\/vastakkain.jpg 1444w\" sizes=\"auto, (max-width: 450px) 100vw, 450px\" \/>Olen fysio-\/ratsastusterapeutti Katri Kela.<\/p>\n<p>Toimin ratsastusterapeuttina, niin yksil\u00f6ratsastusterapian kuin terapeuttisen vikellyksen sek\u00e4 erityiskoulujen projektimuotoisten ryhmien parissa. Minulla on sopimukset KELA.n vaativan kuntoutuksen palveluiden tuottamiseen ratsastusterapian ja fysioterapian osalta.<\/p>\n<p>Ennen yritt\u00e4j\u00e4ksi ryhtymist\u00e4 syksyll\u00e4 2008 tein t\u00f6it\u00e4 p\u00e4\u00e4asiassa neurologisten lapsiasiakkaiden kanssa fysioterapeuttina vuodesta 1998 alkaen ja my\u00f6s ratsastusterapeuttina vuodesta 2004.\u00a0 V\u00e4liin mahtuvat Iso-Britanniassa vietetyt kolme hienoa vuotta, joista puolitoista vietin ty\u00f6ss\u00e4 <em>Conductive Education<\/em> -menetelm\u00e4\u00e4n suuntautuneella erityiskoululla, ty\u00f6skennellen kuuden oppilaan luokassa ja vastaten my\u00f6s koulun oppilaiden ratsastuksista. Ty\u00f6n ohessa olen hakenut lis\u00e4koulutusten avulla tietoja ja taitoja liittyen lasten oppimiseen,\u00a0 tarkkaavuuteen, hahmottamiseen ja toiminnanohjaukseen liittyviin asioihin. Terapeuttisen ty\u00f6skentelyn tueksi olen k\u00e4ynyt\u00a0 my\u00f6s ratkaisukeskeisen neuropsykologisen valmentajan koulutuksen.<\/p>\n","protected":false},"excerpt":{"rendered":"<p>Olen fysio-\/ratsastusterapeutti Katri Kela. Toimin ratsastusterapeuttina, niin yksil\u00f6ratsastusterapian kuin terapeuttisen vikellyksen sek\u00e4 erityiskoulujen projektimuotoisten ryhmien parissa. Minulla on sopimukset KELA.n vaativan kuntoutuksen palveluiden tuottamiseen ratsastusterapian ja fysioterapian osalta. Ennen yritt\u00e4j\u00e4ksi ryhtymist\u00e4 syksyll\u00e4 2008 tein t\u00f6it\u00e4 p\u00e4\u00e4asiassa neurologisten lapsiasiakkaiden kanssa fysioterapeuttina vuodesta 1998 alkaen ja my\u00f6s ratsastusterapeuttina vuodesta 2004.\u00a0 V\u00e4liin mahtuvat Iso-Britanniassa vietetyt kolme hienoa vuotta, [&hellip;]<\/p>\n","protected":false},"author":1,"featured_media":0,"parent":0,"menu_order":0,"comment_status":"closed","ping_status":"closed","template":"template-fullwidth.php","meta":{"footnotes":""},"class_list":["post-4","page","type-page","status-publish","hentry","post-preview"],"_links":{"self":[{"href":"https:\/\/www.ratsastusterapeutti.fi\/index.php?rest_route=\/wp\/v2\/pages\/4","targetHints":{"allow":["GET"]}}],"collection":[{"href":"https:\/\/www.ratsastusterapeutti.fi\/index.php?rest_route=\/wp\/v2\/pages"}],"about":[{"href":"https:\/\/www.ratsastusterapeutti.fi\/index.php?rest_route=\/wp\/v2\/types\/page"}],"author":[{"embeddable":true,"href":"https:\/\/www.ratsastusterapeutti.fi\/index.php?rest_route=\/wp\/v2\/users\/1"}],"replies":[{"embeddable":true,"href":"https:\/\/www.ratsastusterapeutti.fi\/index.php?rest_route=%2Fwp%2Fv2%2Fcomments&post=4"}],"version-history":[{"count":5,"href":"https:\/\/www.ratsastusterapeutti.fi\/index.php?rest_route=\/wp\/v2\/pages\/4\/revisions"}],"predecessor-version":[{"id":72,"href":"https:\/\/www.ratsastusterapeutti.fi\/index.php?rest_route=\/wp\/v2\/pages\/4\/revisions\/72"}],"wp:attachment":[{"href":"https:\/\/www.ratsastusterapeutti.fi\/index.php?rest_route=%2Fwp%2Fv2%2Fmedia&parent=4"}],"curies":[{"name":"wp","href":"https:\/\/api.w.org\/{rel}","templated":true}]}}