{"id":6,"date":"2018-03-20T12:08:35","date_gmt":"2018-03-20T10:08:35","guid":{"rendered":"http:\/\/www.ratsastusterapeutti.fi\/?page_id=6"},"modified":"2018-04-02T10:22:49","modified_gmt":"2018-04-02T07:22:49","slug":"hevosavusteinen-oppiminen","status":"publish","type":"page","link":"https:\/\/www.ratsastusterapeutti.fi\/?page_id=6","title":{"rendered":"Yhteisty\u00f6projekteja"},"content":{"rendered":"<p><img loading=\"lazy\" decoding=\"async\" class=\"alignright wp-image-67\" src=\"http:\/\/www.ratsastusterapeutti.fi\/wp-content\/uploads\/2018\/03\/heppa2.jpg\" alt=\"\" width=\"400\" height=\"304\" srcset=\"https:\/\/www.ratsastusterapeutti.fi\/wp-content\/uploads\/2018\/03\/heppa2.jpg 589w, https:\/\/www.ratsastusterapeutti.fi\/wp-content\/uploads\/2018\/03\/heppa2-300x228.jpg 300w\" sizes=\"auto, (max-width: 400px) 100vw, 400px\" \/><\/p>\n<p>Hevonen tarjoaa oppimisprosessissa ennenn\u00e4kem\u00e4tt\u00f6m\u00e4n fyysisen ja sosiaalisen kokemuksen. Fyysisten tulosten lis\u00e4ksi hevosten kanssa toteutettujen\u00a0terapiaohjelmien on todettu kasvattavan el\u00e4m\u00e4nhallintataitoja (vuorovaikutustaitoja, itses\u00e4\u00e4tely\u00e4), itsetuntoa sek\u00e4 sosiaalisen hyv\u00e4ksymisen tunteen lis\u00e4\u00e4ntymist\u00e4.<em>\u00a0\u00a0(Kj\u00e4ldman, R. \u00a02008)\u00a0<\/em><\/p>\n<p>Ratsastusterapeuttina toimiessani olen ty\u00f6skennellyt erilaisissa yhteisty\u00f6projekteissa\u00a0erityiskoulujen kanssa. Yhteisen\u00e4 tekij\u00e4n\u00e4 kaikissa on ollut\u00a0kehitt\u00e4\u00e4 oppilaiden taitoja ja valmiuksia talliymp\u00e4rist\u00f6ss\u00e4, hevosten kanssa. \u00a0Mahdollisuuksia on vaikka mihin!<\/p>\n<p><em>(R. Kj\u00e4ldman, 2008, Hevonen kasvattaa ja kuntouttaa. Pro Hevonen 4\/08 (34-39)<\/em><\/p>\n<p>&nbsp;<\/p>\n<hr \/>\n<p><strong>Videoilla esimerkkej\u00e4 yhteisty\u00f6projekteistani:<\/strong><\/p>\n<p><iframe loading=\"lazy\" width=\"676\" height=\"380\" src=\"https:\/\/www.youtube.com\/embed\/lfnTVFO24HI?feature=oembed\" frameborder=\"0\" allow=\"autoplay; encrypted-media\" allowfullscreen><\/iframe><\/p>\n<p><iframe loading=\"lazy\" width=\"676\" height=\"380\" src=\"https:\/\/www.youtube.com\/embed\/34rx_ikc-U8?feature=oembed\" frameborder=\"0\" allow=\"autoplay; encrypted-media\" allowfullscreen><\/iframe><\/p>\n<hr \/>\n<p><a href=\"http:\/\/www.duodecimlehti.fi\/lehti\/2016\/13\/duo13201\" target=\"_blank\" rel=\"noopener\">Lue t\u00e4st\u00e4 Duodecim-lehdess\u00e4 julkaistu artikkeli <em>&#8221;Ratsastusterapia liikuntavammaisten lasten kuntoutuksessa&#8221;<\/em>, jota olin mukana kirjoittamassa yhdess\u00e4 Helena M\u00e4enp\u00e4\u00e4n ja Heli S\u00e4til\u00e4n kanssa &gt;<\/a><\/p>\n","protected":false},"excerpt":{"rendered":"<p>Hevonen tarjoaa oppimisprosessissa ennenn\u00e4kem\u00e4tt\u00f6m\u00e4n fyysisen ja sosiaalisen kokemuksen. Fyysisten tulosten lis\u00e4ksi hevosten kanssa toteutettujen\u00a0terapiaohjelmien on todettu kasvattavan el\u00e4m\u00e4nhallintataitoja (vuorovaikutustaitoja, itses\u00e4\u00e4tely\u00e4), itsetuntoa sek\u00e4 sosiaalisen hyv\u00e4ksymisen tunteen lis\u00e4\u00e4ntymist\u00e4.\u00a0\u00a0(Kj\u00e4ldman, R. \u00a02008)\u00a0 Ratsastusterapeuttina toimiessani olen ty\u00f6skennellyt erilaisissa yhteisty\u00f6projekteissa\u00a0erityiskoulujen kanssa. Yhteisen\u00e4 tekij\u00e4n\u00e4 kaikissa on ollut\u00a0kehitt\u00e4\u00e4 oppilaiden taitoja ja valmiuksia talliymp\u00e4rist\u00f6ss\u00e4, hevosten kanssa. \u00a0Mahdollisuuksia on vaikka mihin! (R. Kj\u00e4ldman, 2008, Hevonen [&hellip;]<\/p>\n","protected":false},"author":1,"featured_media":0,"parent":0,"menu_order":0,"comment_status":"closed","ping_status":"closed","template":"template-fullwidth.php","meta":{"footnotes":""},"class_list":["post-6","page","type-page","status-publish","hentry","post-preview"],"_links":{"self":[{"href":"https:\/\/www.ratsastusterapeutti.fi\/index.php?rest_route=\/wp\/v2\/pages\/6","targetHints":{"allow":["GET"]}}],"collection":[{"href":"https:\/\/www.ratsastusterapeutti.fi\/index.php?rest_route=\/wp\/v2\/pages"}],"about":[{"href":"https:\/\/www.ratsastusterapeutti.fi\/index.php?rest_route=\/wp\/v2\/types\/page"}],"author":[{"embeddable":true,"href":"https:\/\/www.ratsastusterapeutti.fi\/index.php?rest_route=\/wp\/v2\/users\/1"}],"replies":[{"embeddable":true,"href":"https:\/\/www.ratsastusterapeutti.fi\/index.php?rest_route=%2Fwp%2Fv2%2Fcomments&post=6"}],"version-history":[{"count":5,"href":"https:\/\/www.ratsastusterapeutti.fi\/index.php?rest_route=\/wp\/v2\/pages\/6\/revisions"}],"predecessor-version":[{"id":82,"href":"https:\/\/www.ratsastusterapeutti.fi\/index.php?rest_route=\/wp\/v2\/pages\/6\/revisions\/82"}],"wp:attachment":[{"href":"https:\/\/www.ratsastusterapeutti.fi\/index.php?rest_route=%2Fwp%2Fv2%2Fmedia&parent=6"}],"curies":[{"name":"wp","href":"https:\/\/api.w.org\/{rel}","templated":true}]}}