{"id":8,"date":"2018-03-20T12:09:01","date_gmt":"2018-03-20T10:09:01","guid":{"rendered":"http:\/\/www.ratsastusterapeutti.fi\/?page_id=8"},"modified":"2018-03-27T17:17:55","modified_gmt":"2018-03-27T14:17:55","slug":"ratsastusterapia","status":"publish","type":"page","link":"https:\/\/www.ratsastusterapeutti.fi\/?page_id=8","title":{"rendered":"Ratsastusterapia"},"content":{"rendered":"<p><img loading=\"lazy\" decoding=\"async\" class=\"alignright wp-image-31\" src=\"http:\/\/www.ratsastusterapeutti.fi\/wp-content\/uploads\/2018\/03\/IMG_1449-1024x681.jpg\" alt=\"\" width=\"400\" height=\"266\" srcset=\"https:\/\/www.ratsastusterapeutti.fi\/wp-content\/uploads\/2018\/03\/IMG_1449-1024x681.jpg 1024w, https:\/\/www.ratsastusterapeutti.fi\/wp-content\/uploads\/2018\/03\/IMG_1449-300x199.jpg 300w, https:\/\/www.ratsastusterapeutti.fi\/wp-content\/uploads\/2018\/03\/IMG_1449-768x511.jpg 768w, https:\/\/www.ratsastusterapeutti.fi\/wp-content\/uploads\/2018\/03\/IMG_1449-676x449.jpg 676w, https:\/\/www.ratsastusterapeutti.fi\/wp-content\/uploads\/2018\/03\/IMG_1449.jpg 1444w\" sizes=\"auto, (max-width: 400px) 100vw, 400px\" \/>Fyysisten tavoitteiden lis\u00e4ksi ratsastusterapiassa korostuvat\u00a0 neuropsykologisten valmiuksien tukeminen, sensomotoriset tavoitteet liittyen mm hahmottamiseen sek\u00e4 psyykkiset ja sosiaaliset tavoitteet. Lasten ja nuorten kohdalla etenkin vuorovaikutustaitojen, kommunikaation, oman toiminnan ohjaamisen sek\u00e4 k\u00e4ytt\u00e4ytymisen ja tunteiden s\u00e4\u00e4telyn kehittyminen ovat t\u00e4rke\u00e4ss\u00e4 asemassa. Hevonen reagoi ihmisen k\u00e4ytt\u00e4ytymiseen ja tunnetiloihin, houkuttelee toimintaan ja asettaa rajoja. Toimiminen suureen el\u00e4imen kanssa vahvistaa my\u00f6s itsetuntoa. Terapiassa pyrkimyksen\u00e4 on aina tukea my\u00f6s asiakkaan itseohjautuvuuden kehittymist\u00e4 ja vahvistumista, sill\u00e4 terapia tarjoaa oikeaa toimintaa aidossa ymp\u00e4rist\u00f6ss\u00e4.<\/p>\n<p><img loading=\"lazy\" decoding=\"async\" class=\"alignleft wp-image-29\" src=\"http:\/\/www.ratsastusterapeutti.fi\/wp-content\/uploads\/2018\/03\/IMG_1447.jpg\" alt=\"\" width=\"350\" height=\"233\" srcset=\"https:\/\/www.ratsastusterapeutti.fi\/wp-content\/uploads\/2018\/03\/IMG_1447.jpg 640w, https:\/\/www.ratsastusterapeutti.fi\/wp-content\/uploads\/2018\/03\/IMG_1447-300x200.jpg 300w\" sizes=\"auto, (max-width: 350px) 100vw, 350px\" \/>Hevosen sel\u00e4ss\u00e4 teht\u00e4vien harjoitusten lis\u00e4ksi terapia voi sis\u00e4lt\u00e4\u00e4 maasta k\u00e4sin teht\u00e4v\u00e4\u00e4 ty\u00f6skentely\u00e4 niin ilman hevosta kuin hevosen kanssa. Ratsastusterapia usein sis\u00e4lt\u00e4\u00e4kin kunkin asiakkaan tavoitteet ja tarpeet huomioiden hevosen kanssa ty\u00f6skentely\u00e4 maasta k\u00e4sin, esimerkiksi hevosen harjaamista ja varusteiden laittamista, talutusharjoituksia erilaisissa ymp\u00e4rist\u00f6iss\u00e4 ja muita hevosen ja asiakkaan vuorovaikutusta, keskittymist\u00e4 ja omaa toiminnanohjausta tukevia harjoituksia.<\/p>\n<p><img loading=\"lazy\" decoding=\"async\" class=\"alignright wp-image-79\" src=\"http:\/\/www.ratsastusterapeutti.fi\/wp-content\/uploads\/2018\/03\/thumb_P1190260_1024-1024x768.jpg\" alt=\"\" width=\"400\" height=\"300\" srcset=\"https:\/\/www.ratsastusterapeutti.fi\/wp-content\/uploads\/2018\/03\/thumb_P1190260_1024.jpg 1024w, https:\/\/www.ratsastusterapeutti.fi\/wp-content\/uploads\/2018\/03\/thumb_P1190260_1024-300x225.jpg 300w, https:\/\/www.ratsastusterapeutti.fi\/wp-content\/uploads\/2018\/03\/thumb_P1190260_1024-768x576.jpg 768w, https:\/\/www.ratsastusterapeutti.fi\/wp-content\/uploads\/2018\/03\/thumb_P1190260_1024-676x507.jpg 676w\" sizes=\"auto, (max-width: 400px) 100vw, 400px\" \/>Lis\u00e4ksi talli ymp\u00e4rist\u00f6n\u00e4 tarjoaa monipuoliset mahdollisuudet erilaisten p\u00e4ivitt\u00e4isi\u00e4 toimia tukevien harjoitusten tekemiseen. Tallity\u00f6skentelyss\u00e4 voidaan mm harjoitella karsinoiden puhdistamisen avulla esimerkiksi fyysist\u00e4 jaksamista, voiman k\u00e4ytt\u00f6\u00e4, tilan hahmottamista, oman toiminnan suunnittelua, ty\u00f6skentelyss\u00e4 etenemist\u00e4 ja oman ty\u00f6skentelyn arviointia. Tarpeen mukaan voidaan tallissa harjoituttaa konkreettisesti my\u00f6s esimerkiksi numeroita, kirjaimia, v\u00e4rej\u00e4 ja eri mittayksik\u00f6it\u00e4 hevosten hoidon ja ruokinnan yhteydess\u00e4. Talliymp\u00e4rist\u00f6n ja hevosten luomat mahdollisuudet ovat siis hyvin monipuoliset.<\/p>\n","protected":false},"excerpt":{"rendered":"<p>Fyysisten tavoitteiden lis\u00e4ksi ratsastusterapiassa korostuvat\u00a0 neuropsykologisten valmiuksien tukeminen, sensomotoriset tavoitteet liittyen mm hahmottamiseen sek\u00e4 psyykkiset ja sosiaaliset tavoitteet. Lasten ja nuorten kohdalla etenkin vuorovaikutustaitojen, kommunikaation, oman toiminnan ohjaamisen sek\u00e4 k\u00e4ytt\u00e4ytymisen ja tunteiden s\u00e4\u00e4telyn kehittyminen ovat t\u00e4rke\u00e4ss\u00e4 asemassa. Hevonen reagoi ihmisen k\u00e4ytt\u00e4ytymiseen ja tunnetiloihin, houkuttelee toimintaan ja asettaa rajoja. Toimiminen suureen el\u00e4imen kanssa vahvistaa my\u00f6s itsetuntoa. [&hellip;]<\/p>\n","protected":false},"author":1,"featured_media":0,"parent":0,"menu_order":0,"comment_status":"closed","ping_status":"closed","template":"template-fullwidth.php","meta":{"footnotes":""},"class_list":["post-8","page","type-page","status-publish","hentry","post-preview"],"_links":{"self":[{"href":"https:\/\/www.ratsastusterapeutti.fi\/index.php?rest_route=\/wp\/v2\/pages\/8","targetHints":{"allow":["GET"]}}],"collection":[{"href":"https:\/\/www.ratsastusterapeutti.fi\/index.php?rest_route=\/wp\/v2\/pages"}],"about":[{"href":"https:\/\/www.ratsastusterapeutti.fi\/index.php?rest_route=\/wp\/v2\/types\/page"}],"author":[{"embeddable":true,"href":"https:\/\/www.ratsastusterapeutti.fi\/index.php?rest_route=\/wp\/v2\/users\/1"}],"replies":[{"embeddable":true,"href":"https:\/\/www.ratsastusterapeutti.fi\/index.php?rest_route=%2Fwp%2Fv2%2Fcomments&post=8"}],"version-history":[{"count":5,"href":"https:\/\/www.ratsastusterapeutti.fi\/index.php?rest_route=\/wp\/v2\/pages\/8\/revisions"}],"predecessor-version":[{"id":80,"href":"https:\/\/www.ratsastusterapeutti.fi\/index.php?rest_route=\/wp\/v2\/pages\/8\/revisions\/80"}],"wp:attachment":[{"href":"https:\/\/www.ratsastusterapeutti.fi\/index.php?rest_route=%2Fwp%2Fv2%2Fmedia&parent=8"}],"curies":[{"name":"wp","href":"https:\/\/api.w.org\/{rel}","templated":true}]}}